{"id":27,"date":"2023-04-08T23:55:05","date_gmt":"2023-04-08T23:55:05","guid":{"rendered":"https:\/\/barra.majobeautyclub.com.br\/?page_id=27"},"modified":"2023-04-11T19:34:04","modified_gmt":"2023-04-11T19:34:04","slug":"obrigado","status":"publish","type":"page","link":"https:\/\/barra.majobeautyclub.com.br\/index.php\/obrigado\/","title":{"rendered":"Obrigado"},"content":{"rendered":"\t\t<div data-elementor-type=\"wp-page\" data-elementor-id=\"27\" class=\"elementor elementor-27\" data-elementor-settings=\"[]\">\n\t\t\t\t\t\t\t<div class=\"elementor-section-wrap\">\n\t\t\t\t\t\t\t<section class=\"elementor-section elementor-top-section elementor-element elementor-element-e02a31b elementor-section-boxed elementor-section-height-default elementor-section-height-default\" data-id=\"e02a31b\" data-element_type=\"section\" data-settings=\"{&quot;background_background&quot;:&quot;classic&quot;}\">\n\t\t\t\t\t\t<div class=\"elementor-container elementor-column-gap-default\">\n\t\t\t\t\t<div class=\"elementor-column elementor-col-100 elementor-top-column elementor-element elementor-element-25723516\" data-id=\"25723516\" data-element_type=\"column\">\n\t\t\t<div class=\"elementor-widget-wrap elementor-element-populated\">\n\t\t\t\t\t\t\t\t<div class=\"elementor-element elementor-element-4a501336 elementor-widget elementor-widget-image\" data-id=\"4a501336\" data-element_type=\"widget\" data-widget_type=\"image.default\">\n\t\t\t\t<div class=\"elementor-widget-container\">\n\t\t\t\t\t\t\t\t\t\t\t\t\t\t\t<img width=\"768\" height=\"543\" src=\"https:\/\/barra.majobeautyclub.com.br\/wp-content\/uploads\/2023\/04\/MARCA-MAJO-CHAPADA_Base-Fendi-1.pdf-768x543.png\" class=\"attachment-medium_large size-medium_large\" alt=\"\" decoding=\"async\" loading=\"lazy\" srcset=\"https:\/\/barra.majobeautyclub.com.br\/wp-content\/uploads\/2023\/04\/MARCA-MAJO-CHAPADA_Base-Fendi-1.pdf-768x543.png 768w, https:\/\/barra.majobeautyclub.com.br\/wp-content\/uploads\/2023\/04\/MARCA-MAJO-CHAPADA_Base-Fendi-1.pdf-300x212.png 300w, https:\/\/barra.majobeautyclub.com.br\/wp-content\/uploads\/2023\/04\/MARCA-MAJO-CHAPADA_Base-Fendi-1.pdf-1024x724.png 1024w, https:\/\/barra.majobeautyclub.com.br\/wp-content\/uploads\/2023\/04\/MARCA-MAJO-CHAPADA_Base-Fendi-1.pdf-1536x1086.png 1536w, https:\/\/barra.majobeautyclub.com.br\/wp-content\/uploads\/2023\/04\/MARCA-MAJO-CHAPADA_Base-Fendi-1.pdf.png 2000w\" sizes=\"(max-width: 768px) 100vw, 768px\" \/>\t\t\t\t\t\t\t\t\t\t\t\t\t\t\t<\/div>\n\t\t\t\t<\/div>\n\t\t\t\t\t<\/div>\n\t\t<\/div>\n\t\t\t\t\t\t\t<\/div>\n\t\t<\/section>\n\t\t\t\t<section class=\"elementor-section elementor-top-section elementor-element elementor-element-497ab1e elementor-section-boxed elementor-section-height-default elementor-section-height-default\" data-id=\"497ab1e\" data-element_type=\"section\">\n\t\t\t\t\t\t<div class=\"elementor-container elementor-column-gap-default\">\n\t\t\t\t\t<div class=\"elementor-column elementor-col-100 elementor-top-column elementor-element elementor-element-4f6b5f6d\" data-id=\"4f6b5f6d\" data-element_type=\"column\">\n\t\t\t<div class=\"elementor-widget-wrap elementor-element-populated\">\n\t\t\t\t\t\t\t\t<div class=\"elementor-element elementor-element-6d8fcd1a elementor-widget elementor-widget-spacer\" data-id=\"6d8fcd1a\" data-element_type=\"widget\" data-widget_type=\"spacer.default\">\n\t\t\t\t<div class=\"elementor-widget-container\">\n\t\t\t\t\t<div class=\"elementor-spacer\">\n\t\t\t<div class=\"elementor-spacer-inner\"><\/div>\n\t\t<\/div>\n\t\t\t\t<\/div>\n\t\t\t\t<\/div>\n\t\t\t\t<div class=\"elementor-element elementor-element-5a2d2a75 elementor-widget elementor-widget-heading\" data-id=\"5a2d2a75\" data-element_type=\"widget\" data-widget_type=\"heading.default\">\n\t\t\t\t<div class=\"elementor-widget-container\">\n\t\t\t<h2 class=\"elementor-heading-title elementor-size-default\">Agora s\u00f3 falta mais um passo...<\/h2>\t\t<\/div>\n\t\t\t\t<\/div>\n\t\t\t\t<div class=\"elementor-element elementor-element-78ad21c9 elementor-widget elementor-widget-text-editor\" data-id=\"78ad21c9\" data-element_type=\"widget\" data-widget_type=\"text-editor.default\">\n\t\t\t\t<div class=\"elementor-widget-container\">\n\t\t\t\t\t\t\t\t<p>Clique no bot\u00e3o abaixo e fale com a consultora agora mesmo e agende o melhor dia e hor\u00e1rio para voc\u00ea viver o&nbsp; seu #MomentoMaj\u00f4!<\/p>\t\t\t\t\t\t<\/div>\n\t\t\t\t<\/div>\n\t\t\t\t<div class=\"elementor-element elementor-element-10f3bfac elementor-align-center elementor-widget elementor-widget-button\" data-id=\"10f3bfac\" data-element_type=\"widget\" data-widget_type=\"button.default\">\n\t\t\t\t<div class=\"elementor-widget-container\">\n\t\t\t\t\t<div class=\"elementor-button-wrapper\">\n\t\t\t<a href=\"https:\/\/api.whatsapp.com\/send?phone=5521993455283&#038;text=Oi,%20quero%20saber%20mais%20sobre%20o%20Duet%20Perfect!\" class=\"elementor-button-link elementor-button elementor-size-md\" role=\"button\">\n\t\t\t\t\t\t<span class=\"elementor-button-content-wrapper\">\n\t\t\t\t\t\t<span class=\"elementor-button-icon elementor-align-icon-left\">\n\t\t\t\t<i aria-hidden=\"true\" class=\"fab fa-whatsapp\"><\/i>\t\t\t<\/span>\n\t\t\t\t\t\t<span class=\"elementor-button-text\">FALAR COM A CONSULTORA<\/span>\n\t\t<\/span>\n\t\t\t\t\t<\/a>\n\t\t<\/div>\n\t\t\t\t<\/div>\n\t\t\t\t<\/div>\n\t\t\t\t<div class=\"elementor-element elementor-element-6a691505 elementor-widget elementor-widget-spacer\" data-id=\"6a691505\" data-element_type=\"widget\" data-widget_type=\"spacer.default\">\n\t\t\t\t<div class=\"elementor-widget-container\">\n\t\t\t\t\t<div class=\"elementor-spacer\">\n\t\t\t<div class=\"elementor-spacer-inner\"><\/div>\n\t\t<\/div>\n\t\t\t\t<\/div>\n\t\t\t\t<\/div>\n\t\t\t\t\t<\/div>\n\t\t<\/div>\n\t\t\t\t\t\t\t<\/div>\n\t\t<\/section>\n\t\t\t\t\t\t<\/div>\n\t\t\t\t\t<\/div>\n\t\t","protected":false},"excerpt":{"rendered":"<p>Agora s\u00f3 falta mais um passo&#8230; Clique no bot\u00e3o abaixo e fale com a consultora agora mesmo e agende o melhor dia e hor\u00e1rio para voc\u00ea viver o&nbsp; seu #MomentoMaj\u00f4! FALAR COM A CONSULTORA<\/p>\n","protected":false},"author":1,"featured_media":0,"parent":0,"menu_order":0,"comment_status":"closed","ping_status":"closed","template":"elementor_canvas","meta":[],"_links":{"self":[{"href":"https:\/\/barra.majobeautyclub.com.br\/index.php\/wp-json\/wp\/v2\/pages\/27"}],"collection":[{"href":"https:\/\/barra.majobeautyclub.com.br\/index.php\/wp-json\/wp\/v2\/pages"}],"about":[{"href":"https:\/\/barra.majobeautyclub.com.br\/index.php\/wp-json\/wp\/v2\/types\/page"}],"author":[{"embeddable":true,"href":"https:\/\/barra.majobeautyclub.com.br\/index.php\/wp-json\/wp\/v2\/users\/1"}],"replies":[{"embeddable":true,"href":"https:\/\/barra.majobeautyclub.com.br\/index.php\/wp-json\/wp\/v2\/comments?post=27"}],"version-history":[{"count":8,"href":"https:\/\/barra.majobeautyclub.com.br\/index.php\/wp-json\/wp\/v2\/pages\/27\/revisions"}],"predecessor-version":[{"id":48,"href":"https:\/\/barra.majobeautyclub.com.br\/index.php\/wp-json\/wp\/v2\/pages\/27\/revisions\/48"}],"wp:attachment":[{"href":"https:\/\/barra.majobeautyclub.com.br\/index.php\/wp-json\/wp\/v2\/media?parent=27"}],"curies":[{"name":"wp","href":"https:\/\/api.w.org\/{rel}","templated":true}]}}